{"id":302,"date":"2022-05-28T21:37:52","date_gmt":"2022-05-28T21:37:52","guid":{"rendered":"http:\/\/erfolg-im-neuen-job.de\/?page_id=302"},"modified":"2022-09-28T17:34:49","modified_gmt":"2022-09-28T17:34:49","slug":"barbara-bilyk","status":"publish","type":"page","link":"https:\/\/erfolg-im-neuen-job.de\/en\/barbara-bilyk\/","title":{"rendered":"Jobcoach Barbara Bilyk"},"content":{"rendered":"<div data-elementor-type=\"wp-page\" data-elementor-id=\"302\" class=\"elementor elementor-302\">\n\t\t\t\t\t\t<section class=\"elementor-section elementor-top-section elementor-element elementor-element-3d4df90 elementor-section-stretched elementor-section-boxed elementor-section-height-default elementor-section-height-default\" data-id=\"3d4df90\" data-element_type=\"section\" data-e-type=\"section\" data-settings=\"{&quot;stretch_section&quot;:&quot;section-stretched&quot;,&quot;background_background&quot;:&quot;classic&quot;}\">\n\t\t\t\t\t\t<div class=\"elementor-container elementor-column-gap-default\">\n\t\t\t\t\t<div class=\"elementor-column elementor-col-100 elementor-top-column elementor-element elementor-element-b9e8723\" data-id=\"b9e8723\" data-element_type=\"column\" data-e-type=\"column\">\n\t\t\t<div class=\"elementor-widget-wrap elementor-element-populated\">\n\t\t\t\t\t\t<div class=\"elementor-element elementor-element-f0fd750 elementor-widget elementor-widget-spacer\" data-id=\"f0fd750\" data-element_type=\"widget\" data-e-type=\"widget\" data-widget_type=\"spacer.default\">\n\t\t\t\t<div class=\"elementor-widget-container\">\n\t\t\t\t\t\t\t<div class=\"elementor-spacer\">\n\t\t\t<div class=\"elementor-spacer-inner\"><\/div>\n\t\t<\/div>\n\t\t\t\t\t\t<\/div>\n\t\t\t\t<\/div>\n\t\t\t\t\t<\/div>\n\t\t<\/div>\n\t\t\t\t\t<\/div>\n\t\t<\/section>\n\t\t\t\t<section class=\"elementor-section elementor-top-section elementor-element elementor-element-dc5961e elementor-section-boxed elementor-section-height-default elementor-section-height-default\" data-id=\"dc5961e\" data-element_type=\"section\" data-e-type=\"section\">\n\t\t\t\t\t\t<div class=\"elementor-container elementor-column-gap-default\">\n\t\t\t\t\t<div class=\"elementor-column elementor-col-50 elementor-top-column elementor-element elementor-element-a858cdb\" data-id=\"a858cdb\" data-element_type=\"column\" data-e-type=\"column\">\n\t\t\t<div class=\"elementor-widget-wrap elementor-element-populated\">\n\t\t\t\t\t\t<div class=\"elementor-element elementor-element-4523c53 elementor-widget elementor-widget-heading\" data-id=\"4523c53\" data-element_type=\"widget\" data-e-type=\"widget\" data-widget_type=\"heading.default\">\n\t\t\t\t<div class=\"elementor-widget-container\">\n\t\t\t\t\t<h2 class=\"elementor-heading-title elementor-size-default\">Coaching mit Barbara - \nExpertin f\u00fcr den neuen Job<\/h2>\t\t\t\t<\/div>\n\t\t\t\t<\/div>\n\t\t\t\t<div class=\"elementor-element elementor-element-443f00c elementor-widget elementor-widget-text-editor\" data-id=\"443f00c\" data-element_type=\"widget\" data-e-type=\"widget\" data-widget_type=\"text-editor.default\">\n\t\t\t\t<div class=\"elementor-widget-container\">\n\t\t\t\t\t\t\t\t\t<p>Viele Coaches bieten einen wilden Bauchladen an. Dienstleistungen f\u00fcr alle denkbaren Herausforderungen im Berufs- und Privatleben an. Das finde ich unglaubw\u00fcrdig und habe einen anderen Ansatz gew\u00e4hlt. Ich fokussiere in meinen Coachings zu 100% auf eine einzige Herausforderung: das erste Jahr im neuen Job. In dieser Situation habe ich schon vielen Coachees helfen k\u00f6nnen.\u00a0<\/p><p><br \/>Ich lebe im sch\u00f6nen Freiburg, aber da ich \u00fcberwiegend online arbeite, kannst du deinen neuen Job in Hamburg, K\u00f6ln, M\u00fcnchen, Berlin oder irgendwo anders anfangen: wir finden zusammen.\u00a0<\/p>\t\t\t\t\t\t\t\t<\/div>\n\t\t\t\t<\/div>\n\t\t\t\t\t<\/div>\n\t\t<\/div>\n\t\t\t\t<div class=\"elementor-column elementor-col-50 elementor-top-column elementor-element elementor-element-f4cc286\" data-id=\"f4cc286\" data-element_type=\"column\" data-e-type=\"column\">\n\t\t\t<div class=\"elementor-widget-wrap elementor-element-populated\">\n\t\t\t\t\t\t<div class=\"elementor-element elementor-element-d5784e6 elementor-widget elementor-widget-image\" data-id=\"d5784e6\" data-element_type=\"widget\" data-e-type=\"widget\" data-widget_type=\"image.default\">\n\t\t\t\t<div class=\"elementor-widget-container\">\n\t\t\t\t\t\t\t\t\t\t\t\t\t\t\t<img fetchpriority=\"high\" decoding=\"async\" width=\"1024\" height=\"1024\" src=\"https:\/\/erfolg-im-neuen-job.de\/wp-content\/uploads\/2022\/06\/Profilbild-Barbara-1024x1024.png\" class=\"attachment-large size-large wp-image-483\" alt=\"Barbara Bilyk\" srcset=\"https:\/\/erfolg-im-neuen-job.de\/wp-content\/uploads\/2022\/06\/Profilbild-Barbara-1024x1024.png 1024w, https:\/\/erfolg-im-neuen-job.de\/wp-content\/uploads\/2022\/06\/Profilbild-Barbara-300x300.png 300w, https:\/\/erfolg-im-neuen-job.de\/wp-content\/uploads\/2022\/06\/Profilbild-Barbara-150x150.png 150w, https:\/\/erfolg-im-neuen-job.de\/wp-content\/uploads\/2022\/06\/Profilbild-Barbara-768x768.png 768w, https:\/\/erfolg-im-neuen-job.de\/wp-content\/uploads\/2022\/06\/Profilbild-Barbara.png 1142w\" sizes=\"(max-width: 1024px) 100vw, 1024px\" \/>\t\t\t\t\t\t\t\t\t\t\t\t\t\t\t<\/div>\n\t\t\t\t<\/div>\n\t\t\t\t\t<\/div>\n\t\t<\/div>\n\t\t\t\t\t<\/div>\n\t\t<\/section>\n\t\t\t\t<section class=\"elementor-section elementor-top-section elementor-element elementor-element-f6e742d elementor-section-stretched elementor-section-boxed elementor-section-height-default elementor-section-height-default\" data-id=\"f6e742d\" data-element_type=\"section\" data-e-type=\"section\" data-settings=\"{&quot;stretch_section&quot;:&quot;section-stretched&quot;,&quot;background_background&quot;:&quot;classic&quot;}\">\n\t\t\t\t\t\t<div class=\"elementor-container elementor-column-gap-default\">\n\t\t\t\t\t<div class=\"elementor-column elementor-col-100 elementor-top-column elementor-element elementor-element-ba6b0bc\" data-id=\"ba6b0bc\" data-element_type=\"column\" data-e-type=\"column\">\n\t\t\t<div class=\"elementor-widget-wrap elementor-element-populated\">\n\t\t\t\t\t\t<section class=\"elementor-section elementor-inner-section elementor-element elementor-element-23d3074 elementor-section-boxed elementor-section-height-default elementor-section-height-default\" data-id=\"23d3074\" data-element_type=\"section\" data-e-type=\"section\">\n\t\t\t\t\t\t<div class=\"elementor-container elementor-column-gap-default\">\n\t\t\t\t\t<div class=\"elementor-column elementor-col-50 elementor-inner-column elementor-element elementor-element-66b5e8d\" data-id=\"66b5e8d\" data-element_type=\"column\" data-e-type=\"column\">\n\t\t\t<div class=\"elementor-widget-wrap\">\n\t\t\t\t\t\t\t<\/div>\n\t\t<\/div>\n\t\t\t\t<div class=\"elementor-column elementor-col-50 elementor-inner-column elementor-element elementor-element-cc1888d\" data-id=\"cc1888d\" data-element_type=\"column\" data-e-type=\"column\">\n\t\t\t<div class=\"elementor-widget-wrap\">\n\t\t\t\t\t\t\t<\/div>\n\t\t<\/div>\n\t\t\t\t\t<\/div>\n\t\t<\/section>\n\t\t\t\t<div class=\"elementor-element elementor-element-d0e98cc elementor-arrows-position-outside elementor-pagination-position-inside elementor-widget elementor-widget-image-carousel\" data-id=\"d0e98cc\" data-element_type=\"widget\" data-e-type=\"widget\" data-settings=\"{&quot;navigation&quot;:&quot;both&quot;,&quot;autoplay&quot;:&quot;yes&quot;,&quot;pause_on_hover&quot;:&quot;yes&quot;,&quot;pause_on_interaction&quot;:&quot;yes&quot;,&quot;autoplay_speed&quot;:5000,&quot;infinite&quot;:&quot;yes&quot;,&quot;speed&quot;:500}\" data-widget_type=\"image-carousel.default\">\n\t\t\t\t<div class=\"elementor-widget-container\">\n\t\t\t\t\t\t\t<div class=\"elementor-image-carousel-wrapper swiper\" role=\"region\" aria-roledescription=\"carousel\" aria-label=\"Image Carousel\" dir=\"ltr\">\n\t\t\t<div class=\"elementor-image-carousel swiper-wrapper\" aria-live=\"off\">\n\t\t\t\t\t\t\t\t<div class=\"swiper-slide\" role=\"group\" aria-roledescription=\"slide\" aria-label=\"1 of 3\"><a data-elementor-open-lightbox=\"yes\" data-elementor-lightbox-slideshow=\"d0e98cc\" data-elementor-lightbox-title=\"logo-RGB-400-px\" data-e-action-hash=\"#elementor-action%3Aaction%3Dlightbox%26settings%3DeyJpZCI6MTM4MywidXJsIjoiaHR0cHM6XC9cL2VyZm9sZy1pbS1uZXVlbi1qb2IuZGVcL3dwLWNvbnRlbnRcL3VwbG9hZHNcLzIwMjJcLzA5XC9sb2dvLVJHQi00MDAtcHguanBnIiwic2xpZGVzaG93IjoiZDBlOThjYyJ9\" href=\"https:\/\/www.institut-bildung-coaching.de\/\" target=\"_blank\" rel=\"noopener\"><figure class=\"swiper-slide-inner\"><img decoding=\"async\" class=\"swiper-slide-image\" src=\"https:\/\/erfolg-im-neuen-job.de\/wp-content\/uploads\/2022\/09\/logo-RGB-400-px-300x97.jpg\" alt=\"logo-RGB-400-px\" \/><\/figure><\/a><\/div><div class=\"swiper-slide\" role=\"group\" aria-roledescription=\"slide\" aria-label=\"2 of 3\"><a data-elementor-open-lightbox=\"yes\" data-elementor-lightbox-slideshow=\"d0e98cc\" data-elementor-lightbox-title=\"Logo_IfBC_klein\" data-e-action-hash=\"#elementor-action%3Aaction%3Dlightbox%26settings%3DeyJpZCI6MTM4MCwidXJsIjoiaHR0cHM6XC9cL2VyZm9sZy1pbS1uZXVlbi1qb2IuZGVcL3dwLWNvbnRlbnRcL3VwbG9hZHNcLzIwMjJcLzA5XC9Mb2dvX0lmQkNfa2xlaW4uanBnIiwic2xpZGVzaG93IjoiZDBlOThjYyJ9\" href=\"https:\/\/www.institut-bildung-coaching.de\/\" target=\"_blank\" rel=\"noopener\"><figure class=\"swiper-slide-inner\"><img decoding=\"async\" class=\"swiper-slide-image\" src=\"https:\/\/erfolg-im-neuen-job.de\/wp-content\/uploads\/2022\/09\/Logo_IfBC_klein-300x137.jpg\" alt=\"Logo_IfBC_klein\" \/><\/figure><\/a><\/div><div class=\"swiper-slide\" role=\"group\" aria-roledescription=\"slide\" aria-label=\"3 of 3\"><a data-elementor-open-lightbox=\"yes\" data-elementor-lightbox-slideshow=\"d0e98cc\" data-elementor-lightbox-title=\"HCO_Wort-Bildmarke_RGB_Akzent_1024 (2)\" data-e-action-hash=\"#elementor-action%3Aaction%3Dlightbox%26settings%3DeyJpZCI6MTM4MSwidXJsIjoiaHR0cHM6XC9cL2VyZm9sZy1pbS1uZXVlbi1qb2IuZGVcL3dwLWNvbnRlbnRcL3VwbG9hZHNcLzIwMjJcLzA5XC9IQ09fV29ydC1CaWxkbWFya2VfUkdCX0FremVudF8xMDI0LTIucG5nIiwic2xpZGVzaG93IjoiZDBlOThjYyJ9\" href=\"https:\/\/www.institut-bildung-coaching.de\/\" target=\"_blank\" rel=\"noopener\"><figure class=\"swiper-slide-inner\"><img decoding=\"async\" class=\"swiper-slide-image\" src=\"https:\/\/erfolg-im-neuen-job.de\/wp-content\/uploads\/2022\/09\/HCO_Wort-Bildmarke_RGB_Akzent_1024-2-300x111.png\" alt=\"HCO_Wort-Bildmarke_RGB_Akzent_1024 (2)\" \/><\/figure><\/a><\/div>\t\t\t<\/div>\n\t\t\t\t\t\t\t\t\t\t\t\t<div class=\"elementor-swiper-button elementor-swiper-button-prev\" role=\"button\" tabindex=\"0\">\n\t\t\t\t\t\t<i aria-hidden=\"true\" class=\"eicon-chevron-left\"><\/i>\t\t\t\t\t<\/div>\n\t\t\t\t\t<div class=\"elementor-swiper-button elementor-swiper-button-next\" role=\"button\" tabindex=\"0\">\n\t\t\t\t\t\t<i aria-hidden=\"true\" class=\"eicon-chevron-right\"><\/i>\t\t\t\t\t<\/div>\n\t\t\t\t\n\t\t\t\t\t\t\t\t\t<div class=\"swiper-pagination\"><\/div>\n\t\t\t\t\t\t\t\t\t<\/div>\n\t\t\t\t\t\t<\/div>\n\t\t\t\t<\/div>\n\t\t\t\t\t<\/div>\n\t\t<\/div>\n\t\t\t\t\t<\/div>\n\t\t<\/section>\n\t\t\t\t<section class=\"elementor-section elementor-top-section elementor-element elementor-element-54c3403 elementor-section-stretched elementor-section-boxed elementor-section-height-default elementor-section-height-default\" data-id=\"54c3403\" data-element_type=\"section\" data-e-type=\"section\" data-settings=\"{&quot;stretch_section&quot;:&quot;section-stretched&quot;,&quot;background_background&quot;:&quot;classic&quot;}\">\n\t\t\t\t\t\t<div class=\"elementor-container elementor-column-gap-default\">\n\t\t\t\t\t<div class=\"elementor-column elementor-col-100 elementor-top-column elementor-element elementor-element-f5b750e\" data-id=\"f5b750e\" data-element_type=\"column\" data-e-type=\"column\">\n\t\t\t<div class=\"elementor-widget-wrap elementor-element-populated\">\n\t\t\t\t\t\t<div class=\"elementor-element elementor-element-e7ecfe4 elementor-widget elementor-widget-spacer\" data-id=\"e7ecfe4\" data-element_type=\"widget\" data-e-type=\"widget\" data-widget_type=\"spacer.default\">\n\t\t\t\t<div class=\"elementor-widget-container\">\n\t\t\t\t\t\t\t<div class=\"elementor-spacer\">\n\t\t\t<div class=\"elementor-spacer-inner\"><\/div>\n\t\t<\/div>\n\t\t\t\t\t\t<\/div>\n\t\t\t\t<\/div>\n\t\t\t\t<div class=\"elementor-element elementor-element-6d0d213 elementor-widget elementor-widget-heading\" data-id=\"6d0d213\" data-element_type=\"widget\" data-e-type=\"widget\" data-widget_type=\"heading.default\">\n\t\t\t\t<div class=\"elementor-widget-container\">\n\t\t\t\t\t<h2 class=\"elementor-heading-title elementor-size-default\">Meine Erfahrungen und Qualifikationen<\/h2>\t\t\t\t<\/div>\n\t\t\t\t<\/div>\n\t\t\t\t<div class=\"elementor-element elementor-element-0238562 elementor-widget elementor-widget-eael-adv-accordion\" data-id=\"0238562\" data-element_type=\"widget\" data-e-type=\"widget\" data-widget_type=\"eael-adv-accordion.default\">\n\t\t\t\t<div class=\"elementor-widget-container\">\n\t\t\t\t\t            <div class=\"eael-adv-accordion\" id=\"eael-adv-accordion-0238562\" data-scroll-on-click=\"no\" data-scroll-speed=\"300\" data-accordion-id=\"0238562\" data-accordion-type=\"accordion\" data-toogle-speed=\"300\">\n            <div class=\"eael-accordion-list\">\n\t\t\t\t\t<div id=\"coach-und-trainerin\" class=\"elementor-tab-title eael-accordion-header\" tabindex=\"0\" data-tab=\"1\" aria-controls=\"elementor-tab-content-2321\"><span class=\"eael-advanced-accordion-icon-closed\"><i aria-hidden=\"true\" class=\"fa-accordion-icon fas fa-plus\"><\/i><\/span><span class=\"eael-advanced-accordion-icon-opened\"><i aria-hidden=\"true\" class=\"fa-accordion-icon fas fa-minus\"><\/i><\/span><span class=\"eael-accordion-tab-title\">Coach und Trainerin<\/span><i aria-hidden=\"true\" class=\"fa-toggle fas fa-angle-right\"><\/i><\/div><div id=\"elementor-tab-content-2321\" class=\"eael-accordion-content clearfix\" data-tab=\"1\" aria-labelledby=\"coach-und-trainerin\"><ul><li>Gr\u00fcnderin Barbara B Coaching in 2021<\/li><li>Abgeschlossene Weiterbildung zum systemischen Coach<\/li><li>Zertifizierter Team Coach\u00a0<\/li><li>Trainerschein seit 2017 mit \u00fcber 50 durchgef\u00fchrte Gruppen- und Einzeltrainings<\/li><\/ul><\/div>\n\t\t\t\t\t<\/div><div class=\"eael-accordion-list\">\n\t\t\t\t\t<div id=\"erfolgreiche-consulting-karriere\" class=\"elementor-tab-title eael-accordion-header\" tabindex=\"0\" data-tab=\"2\" aria-controls=\"elementor-tab-content-2322\"><span class=\"eael-advanced-accordion-icon-closed\"><i aria-hidden=\"true\" class=\"fa-accordion-icon fas fa-plus\"><\/i><\/span><span class=\"eael-advanced-accordion-icon-opened\"><i aria-hidden=\"true\" class=\"fa-accordion-icon fas fa-minus\"><\/i><\/span><span class=\"eael-accordion-tab-title\">Erfolgreiche Consulting-Karriere<\/span><i aria-hidden=\"true\" class=\"fa-toggle fas fa-angle-right\"><\/i><\/div><div id=\"elementor-tab-content-2322\" class=\"eael-accordion-content clearfix\" data-tab=\"2\" aria-labelledby=\"erfolgreiche-consulting-karriere\"><div><ul><li>3 Bef\u00f6rderungen in 5 Jahren vom Junior-Consultant zum Senior Project Manager\u00a0mit Prokura und Umsatzverantwortung in der Strategie- und\u00a0Managementberatung (zeb und Horvath &amp; Partners)<\/li><\/ul><\/div><ul><li>\u00dcber 30 Projekte f\u00fcr DAX-30 Konzerne und gro\u00dfe mittelst\u00e4ndische Urernehmen erfolgreich umgesetzt,\u00a0u. a. Lufthansa Group, Deutsche Bahn, Postbank, HUK und AXA<\/li><\/ul><\/div>\n\t\t\t\t\t<\/div><div class=\"eael-accordion-list\">\n\t\t\t\t\t<div id=\"akademisches-fundament\" class=\"elementor-tab-title eael-accordion-header\" tabindex=\"0\" data-tab=\"3\" aria-controls=\"elementor-tab-content-2323\"><span class=\"eael-advanced-accordion-icon-closed\"><i aria-hidden=\"true\" class=\"fa-accordion-icon fas fa-plus\"><\/i><\/span><span class=\"eael-advanced-accordion-icon-opened\"><i aria-hidden=\"true\" class=\"fa-accordion-icon fas fa-minus\"><\/i><\/span><span class=\"eael-accordion-tab-title\">Akademisches Fundament<\/span><i aria-hidden=\"true\" class=\"fa-toggle fas fa-angle-right\"><\/i><\/div><div id=\"elementor-tab-content-2323\" class=\"eael-accordion-content clearfix\" data-tab=\"3\" aria-labelledby=\"akademisches-fundament\"><ul><li><div>Diplom-Kauffrau, Universit\u00e4t zu K\u00f6ln &amp; Swinburne University of Technology, Melbourne, Australien<\/div><\/li><li><div>Post-Graduate Certificate of Sustainable Business, University of Cambridge, England<\/div><\/li><\/ul><\/div>\n\t\t\t\t\t<\/div><\/div>\t\t\t\t<\/div>\n\t\t\t\t<\/div>\n\t\t\t\t<div class=\"elementor-element elementor-element-a301c06 elementor-widget elementor-widget-spacer\" data-id=\"a301c06\" data-element_type=\"widget\" data-e-type=\"widget\" data-widget_type=\"spacer.default\">\n\t\t\t\t<div class=\"elementor-widget-container\">\n\t\t\t\t\t\t\t<div class=\"elementor-spacer\">\n\t\t\t<div class=\"elementor-spacer-inner\"><\/div>\n\t\t<\/div>\n\t\t\t\t\t\t<\/div>\n\t\t\t\t<\/div>\n\t\t\t\t\t<\/div>\n\t\t<\/div>\n\t\t\t\t\t<\/div>\n\t\t<\/section>\n\t\t\t\t<\/div>","protected":false},"excerpt":{"rendered":"<p>Coaching mit Barbara &#8211; Expertin f\u00fcr den neuen Job Viele Coaches bieten einen wilden Bauchladen an. Dienstleistungen f\u00fcr alle denkbaren Herausforderungen im Berufs- und Privatleben an. Das finde ich unglaubw\u00fcrdig und habe einen anderen Ansatz gew\u00e4hlt. Ich fokussiere in meinen Coachings zu 100% auf eine einzige Herausforderung: das erste Jahr im neuen Job. In dieser &hellip;<\/p>\n<p class=\"read-more\"> <a class=\"\" href=\"https:\/\/erfolg-im-neuen-job.de\/en\/barbara-bilyk\/\"> <span class=\"screen-reader-text\">Jobcoach Barbara Bilyk<\/span> Read More &raquo;<\/a><\/p>","protected":false},"author":1,"featured_media":0,"parent":0,"menu_order":0,"comment_status":"closed","ping_status":"closed","template":"","meta":{"site-sidebar-layout":"no-sidebar","site-content-layout":"page-builder","ast-global-header-display":"","ast-banner-title-visibility":"","ast-main-header-display":"","ast-hfb-above-header-display":"","ast-hfb-below-header-display":"","ast-hfb-mobile-header-display":"","site-post-title":"disabled","ast-breadcrumbs-content":"","ast-featured-img":"disabled","footer-sml-layout":"","theme-transparent-header-meta":"","adv-header-id-meta":"","stick-header-meta":"","header-above-stick-meta":"","header-main-stick-meta":"","header-below-stick-meta":"","footnotes":""},"class_list":["post-302","page","type-page","status-publish","hentry"],"jetpack_sharing_enabled":true,"_links":{"self":[{"href":"https:\/\/erfolg-im-neuen-job.de\/en\/wp-json\/wp\/v2\/pages\/302","targetHints":{"allow":["GET"]}}],"collection":[{"href":"https:\/\/erfolg-im-neuen-job.de\/en\/wp-json\/wp\/v2\/pages"}],"about":[{"href":"https:\/\/erfolg-im-neuen-job.de\/en\/wp-json\/wp\/v2\/types\/page"}],"author":[{"embeddable":true,"href":"https:\/\/erfolg-im-neuen-job.de\/en\/wp-json\/wp\/v2\/users\/1"}],"replies":[{"embeddable":true,"href":"https:\/\/erfolg-im-neuen-job.de\/en\/wp-json\/wp\/v2\/comments?post=302"}],"version-history":[{"count":62,"href":"https:\/\/erfolg-im-neuen-job.de\/en\/wp-json\/wp\/v2\/pages\/302\/revisions"}],"predecessor-version":[{"id":1415,"href":"https:\/\/erfolg-im-neuen-job.de\/en\/wp-json\/wp\/v2\/pages\/302\/revisions\/1415"}],"wp:attachment":[{"href":"https:\/\/erfolg-im-neuen-job.de\/en\/wp-json\/wp\/v2\/media?parent=302"}],"curies":[{"name":"wp","href":"https:\/\/api.w.org\/{rel}","templated":true}]}}